{"id":20,"date":"2022-07-18T16:21:24","date_gmt":"2022-07-18T19:21:24","guid":{"rendered":"https:\/\/brai.com.br\/?page_id=20"},"modified":"2024-07-29T18:58:36","modified_gmt":"2024-07-29T21:58:36","slug":"quem","status":"publish","type":"page","link":"https:\/\/brai.com.br\/?page_id=20","title":{"rendered":"quem"},"content":{"rendered":"\t\t<div data-elementor-type=\"wp-page\" data-elementor-id=\"20\" class=\"elementor elementor-20\">\n\t\t\t\t\t\t<section class=\"elementor-section elementor-top-section elementor-element elementor-element-4c4c2c1 elementor-section-boxed elementor-section-height-default elementor-section-height-default\" data-id=\"4c4c2c1\" data-element_type=\"section\" data-e-type=\"section\">\n\t\t\t\t\t\t<div class=\"elementor-container elementor-column-gap-default\">\n\t\t\t\t\t<div class=\"elementor-column elementor-col-100 elementor-top-column elementor-element elementor-element-f2c71ad\" data-id=\"f2c71ad\" data-element_type=\"column\" data-e-type=\"column\">\n\t\t\t<div class=\"elementor-widget-wrap elementor-element-populated\">\n\t\t\t\t\t\t<section class=\"elementor-section elementor-inner-section elementor-element elementor-element-d7dd9cd elementor-section-boxed elementor-section-height-default elementor-section-height-default\" data-id=\"d7dd9cd\" data-element_type=\"section\" data-e-type=\"section\">\n\t\t\t\t\t\t<div class=\"elementor-container elementor-column-gap-default\">\n\t\t\t\t\t<div class=\"elementor-column elementor-col-50 elementor-inner-column elementor-element elementor-element-6bf3ae9 elementor-invisible\" data-id=\"6bf3ae9\" data-element_type=\"column\" data-e-type=\"column\" data-settings=\"{&quot;animation&quot;:&quot;fadeInLeft&quot;}\">\n\t\t\t<div class=\"elementor-widget-wrap elementor-element-populated\">\n\t\t\t\t\t\t<div class=\"elementor-element elementor-element-b3bb0b6 elementor-widget elementor-widget-heading\" data-id=\"b3bb0b6\" data-element_type=\"widget\" data-e-type=\"widget\" data-widget_type=\"heading.default\">\n\t\t\t\t<div class=\"elementor-widget-container\">\n\t\t\t\t\t<h2 class=\"elementor-heading-title elementor-size-default\">SERGIO COLLA\u00c7O<\/h2>\t\t\t\t<\/div>\n\t\t\t\t<\/div>\n\t\t\t\t<div class=\"elementor-element elementor-element-114205e elementor-widget elementor-widget-image\" data-id=\"114205e\" data-element_type=\"widget\" data-e-type=\"widget\" data-widget_type=\"image.default\">\n\t\t\t\t<div class=\"elementor-widget-container\">\n\t\t\t\t\t\t\t\t\t\t\t\t\t\t\t<img decoding=\"async\" width=\"133\" height=\"150\" src=\"https:\/\/brai.com.br\/wp-content\/uploads\/2022\/07\/Imagem1-133x150.png\" class=\"attachment-thumbnail size-thumbnail wp-image-23\" alt=\"\" \/>\t\t\t\t\t\t\t\t\t\t\t\t\t\t\t<\/div>\n\t\t\t\t<\/div>\n\t\t\t\t<div class=\"elementor-element elementor-element-5a51520 elementor-widget elementor-widget-text-editor\" data-id=\"5a51520\" data-element_type=\"widget\" data-e-type=\"widget\" data-widget_type=\"text-editor.default\">\n\t\t\t\t<div class=\"elementor-widget-container\">\n\t\t\t\t\t\t\t\t\t<p class=\"font_8\">Publicit\u00e1rio, empres\u00e1rio e diretor de cria\u00e7\u00e3o. Atua h\u00e1 30 anos no mercado de trade marketing atendendo por longos per\u00edodos grandes clientes como Nestl\u00e9, Walmart, Avon, RiHappy, Pernambucanas entre outros.<\/p><p class=\"font_8\">\u00c9 s\u00f3cio da Brai, empresa de marketing especializada em solu\u00e7\u00f5es integradas atrav\u00e9s de an\u00e1lise de BI. Atualmente tamb\u00e9m dirige o projeto social NossoPrato e a startup Central de Cozinha.<\/p><p class=\"font_8\">Empreendedor desde sempre e acostumado com a din\u00e2mica do varejo, acredita em solu\u00e7\u00f5es simples e diretas para resolver problemas e vencer as crises.<\/p>\t\t\t\t\t\t\t\t<\/div>\n\t\t\t\t<\/div>\n\t\t\t\t\t<\/div>\n\t\t<\/div>\n\t\t\t\t<div class=\"elementor-column elementor-col-50 elementor-inner-column elementor-element elementor-element-8564867 elementor-invisible\" data-id=\"8564867\" data-element_type=\"column\" data-e-type=\"column\" data-settings=\"{&quot;animation&quot;:&quot;fadeInRight&quot;}\">\n\t\t\t<div class=\"elementor-widget-wrap elementor-element-populated\">\n\t\t\t\t\t\t<div class=\"elementor-element elementor-element-37281c7 elementor-widget elementor-widget-heading\" data-id=\"37281c7\" data-element_type=\"widget\" data-e-type=\"widget\" data-widget_type=\"heading.default\">\n\t\t\t\t<div class=\"elementor-widget-container\">\n\t\t\t\t\t<h2 class=\"elementor-heading-title elementor-size-default\">FABIO ITAPURA<\/h2>\t\t\t\t<\/div>\n\t\t\t\t<\/div>\n\t\t\t\t<div class=\"elementor-element elementor-element-5b76d2a elementor-widget elementor-widget-image\" data-id=\"5b76d2a\" data-element_type=\"widget\" data-e-type=\"widget\" data-widget_type=\"image.default\">\n\t\t\t\t<div class=\"elementor-widget-container\">\n\t\t\t\t\t\t\t\t\t\t\t\t\t\t\t<img decoding=\"async\" width=\"140\" height=\"150\" src=\"https:\/\/brai.com.br\/wp-content\/uploads\/2022\/07\/PERFIL-SITE-PB-e1658172081300-140x150.jpg\" class=\"attachment-thumbnail size-thumbnail wp-image-22\" alt=\"\" \/>\t\t\t\t\t\t\t\t\t\t\t\t\t\t\t<\/div>\n\t\t\t\t<\/div>\n\t\t\t\t<div class=\"elementor-element elementor-element-6bc8a10 elementor-widget elementor-widget-text-editor\" data-id=\"6bc8a10\" data-element_type=\"widget\" data-e-type=\"widget\" data-widget_type=\"text-editor.default\">\n\t\t\t\t<div class=\"elementor-widget-container\">\n\t\t\t\t\t\t\t\t\t<p class=\"font_7\">Estudou Arquitetura e formado em Marketing pela Funda\u00e7\u00e3o Get\u00falio Vargas.\u00a0Possui 30 anos de experi\u00eancia em startups, consultoria e modelagem de neg\u00f3cios no Brasil e exterior. Criou na Fran\u00e7a e, posteriormente, na Inglaterra, empresa de tecnologia voltada para \u00a0produtos culturais inovadores em parceria com a americana UBISOFT.\u00a0Empres\u00e1rio de sucesso, implantou no Brasil a marca \u201cO melhor bolo de chocolate do mundo\u201d.<\/p><p class=\"font_7\">Dirige tamb\u00e9m o projeto social NossoPrato e a startup Central de Cozinha.<\/p>\t\t\t\t\t\t\t\t<\/div>\n\t\t\t\t<\/div>\n\t\t\t\t\t<\/div>\n\t\t<\/div>\n\t\t\t\t\t<\/div>\n\t\t<\/section>\n\t\t\t\t\t<\/div>\n\t\t<\/div>\n\t\t\t\t\t<\/div>\n\t\t<\/section>\n\t\t\t\t<\/div>\n\t\t","protected":false},"excerpt":{"rendered":"<p>SERGIO COLLA\u00c7O Publicit\u00e1rio, empres\u00e1rio e diretor de cria\u00e7\u00e3o. Atua h\u00e1 30 anos no mercado de trade marketing atendendo por longos per\u00edodos grandes clientes como Nestl\u00e9, Walmart, Avon, RiHappy, Pernambucanas entre outros. \u00c9 s\u00f3cio da Brai, empresa de marketing especializada em solu\u00e7\u00f5es integradas atrav\u00e9s de an\u00e1lise de BI. Atualmente tamb\u00e9m dirige o projeto social NossoPrato e&hellip;&nbsp;<a href=\"https:\/\/brai.com.br\/?page_id=20\" class=\"\" rel=\"bookmark\">Continue a ler &raquo;<span class=\"screen-reader-text\">quem<\/span><\/a><\/p>\n","protected":false},"author":1,"featured_media":0,"parent":0,"menu_order":0,"comment_status":"closed","ping_status":"closed","template":"page-templates\/template-pagebuilder-full-width.php","meta":{"neve_meta_sidebar":"","neve_meta_container":"","neve_meta_enable_content_width":"","neve_meta_content_width":0,"neve_meta_title_alignment":"","neve_meta_author_avatar":"","neve_post_elements_order":"","neve_meta_disable_header":"","neve_meta_disable_footer":"","neve_meta_disable_title":"","footnotes":""},"class_list":["post-20","page","type-page","status-publish","hentry"],"_links":{"self":[{"href":"https:\/\/brai.com.br\/index.php?rest_route=\/wp\/v2\/pages\/20","targetHints":{"allow":["GET"]}}],"collection":[{"href":"https:\/\/brai.com.br\/index.php?rest_route=\/wp\/v2\/pages"}],"about":[{"href":"https:\/\/brai.com.br\/index.php?rest_route=\/wp\/v2\/types\/page"}],"author":[{"embeddable":true,"href":"https:\/\/brai.com.br\/index.php?rest_route=\/wp\/v2\/users\/1"}],"replies":[{"embeddable":true,"href":"https:\/\/brai.com.br\/index.php?rest_route=%2Fwp%2Fv2%2Fcomments&post=20"}],"version-history":[{"count":7,"href":"https:\/\/brai.com.br\/index.php?rest_route=\/wp\/v2\/pages\/20\/revisions"}],"predecessor-version":[{"id":92,"href":"https:\/\/brai.com.br\/index.php?rest_route=\/wp\/v2\/pages\/20\/revisions\/92"}],"wp:attachment":[{"href":"https:\/\/brai.com.br\/index.php?rest_route=%2Fwp%2Fv2%2Fmedia&parent=20"}],"curies":[{"name":"wp","href":"https:\/\/api.w.org\/{rel}","templated":true}]}}